{"id":1009,"date":"2021-02-23T10:37:48","date_gmt":"2021-02-23T09:37:48","guid":{"rendered":"http:\/\/snavcer.si\/our-dogs\/"},"modified":"2024-11-28T13:31:28","modified_gmt":"2024-11-28T12:31:28","slug":"our-dogs","status":"publish","type":"page","link":"https:\/\/snavcer.si\/en\/our-dogs\/","title":{"rendered":"Our dogs"},"content":{"rendered":"<p>[et_pb_section fb_built=&#8221;1&#8243; fullwidth=&#8221;on&#8221; next_background_color=&#8221;#ffffff&#8221; admin_label=&#8221;Header Section&#8221; _builder_version=&#8221;4.13.1&#8243; background_color=&#8221;#000000&#8243; bottom_divider_style=&#8221;ramp&#8221; bottom_divider_flip=&#8221;horizontal&#8221; global_colors_info=&#8221;{}&#8221;][et_pb_fullwidth_header title=&#8221;Kennel Jola&#8217;s Black Demon&#8221; subhead=&#8221;Our dogs&#8221; text_orientation=&#8221;center&#8221; content_max_width=&#8221;640px&#8221; _builder_version=&#8221;4.13.1&#8243; title_font=&#8221;Oswald|||on|||||&#8221; title_font_size=&#8221;20px&#8221; title_letter_spacing=&#8221;3px&#8221; title_line_height=&#8221;1.5em&#8221; content_font=&#8221;Lora||||||||&#8221; content_font_size=&#8221;22px&#8221; content_line_height=&#8221;2em&#8221; subhead_font=&#8221;Lora|700|||||||&#8221; subhead_font_size=&#8221;60px&#8221; subhead_line_height=&#8221;1.5em&#8221; background_color=&#8221;rgba(255,255,255,0)&#8221; background_image=&#8221;https:\/\/snavcer.si\/wp-content\/uploads\/2019\/04\/nasi-psi.jpg&#8221; parallax=&#8221;on&#8221; parallax_method=&#8221;on&#8221; custom_button_one=&#8221;on&#8221; button_one_text_size=&#8221;16px&#8221; button_one_text_color=&#8221;#ffffff&#8221; button_one_bg_color=&#8221;#d29f68&#8243; button_one_border_width=&#8221;15px&#8221; button_one_border_color=&#8221;rgba(210,159,104,0)&#8221; button_one_border_radius=&#8221;100px&#8221; button_one_letter_spacing=&#8221;3px&#8221; button_one_font=&#8221;Oswald|||on|||||&#8221; button_one_use_icon=&#8221;off&#8221; custom_button_two=&#8221;on&#8221; button_two_text_size=&#8221;16px&#8221; button_two_text_color=&#8221;#ffffff&#8221; button_two_bg_color=&#8221;rgba(255,255,255,0.35)&#8221; button_two_border_width=&#8221;15px&#8221; button_two_border_color=&#8221;rgba(0,0,0,0)&#8221; button_two_border_radius=&#8221;100px&#8221; button_two_letter_spacing=&#8221;3px&#8221; button_two_font=&#8221;Oswald|||on|||||&#8221; button_two_use_icon=&#8221;off&#8221; custom_margin=&#8221;|||&#8221; custom_padding=&#8221;90px||90px||true&#8221; animation_style=&#8221;zoom&#8221; animation_duration=&#8221;2000ms&#8221; animation_intensity_zoom=&#8221;4%&#8221; subhead_font_size_tablet=&#8221;&#8221; subhead_font_size_phone=&#8221;50px&#8221; subhead_font_size_last_edited=&#8221;on|desktop&#8221; z_index_tablet=&#8221;500&#8243; button_one_border_radius_hover=&#8221;100px&#8221; button_one_bg_color_hover=&#8221;#cc8d66&#8243; button_two_bg_color_hover=&#8221;#d29f68&#8243; global_colors_info=&#8221;{}&#8221;][\/et_pb_fullwidth_header][\/et_pb_section][et_pb_section fb_built=&#8221;1&#8243; admin_label=&#8221;About Section&#8221; _builder_version=&#8221;4.13.1&#8243; custom_padding=&#8221;80px|0px|80px|0px|true|false&#8221; global_colors_info=&#8221;{}&#8221;][et_pb_row column_structure=&#8221;1_2,1_2&#8243; admin_label=&#8221;About Row&#8221; _builder_version=&#8221;4.13.1&#8243; global_colors_info=&#8221;{}&#8221;][et_pb_column type=&#8221;1_2&#8243; _builder_version=&#8221;3.25&#8243; custom_padding=&#8221;|||&#8221; global_colors_info=&#8221;{}&#8221; custom_padding__hover=&#8221;|||&#8221;][et_pb_text _builder_version=&#8221;4.13.1&#8243; text_font=&#8221;Lora||||||||&#8221; text_font_size=&#8221;18px&#8221; text_line_height=&#8221;2em&#8221; header_2_font=&#8221;Lora|700|||||||&#8221; header_2_font_size=&#8221;50px&#8221; header_2_line_height=&#8221;1.5em&#8221; header_3_font=&#8221;Lora|700|||||||&#8221; header_3_font_size=&#8221;42px&#8221; header_3_line_height=&#8221;1.5em&#8221; header_5_font=&#8221;Oswald|||on|||||&#8221; header_5_text_color=&#8221;rgba(0,0,0,0.4)&#8221; header_5_font_size=&#8221;20px&#8221; header_5_letter_spacing=&#8221;3px&#8221; max_width=&#8221;600px&#8221; max_width_tablet=&#8221;&#8221; max_width_phone=&#8221;&#8221; max_width_last_edited=&#8221;on|phone&#8221; custom_margin_tablet=&#8221;|70px||70px&#8221; custom_margin_phone=&#8221;|50px||50px&#8221; custom_margin_last_edited=&#8221;off|desktop&#8221; text_line_height_last_edited=&#8221;off|desktop&#8221; z_index_tablet=&#8221;500&#8243; global_colors_info=&#8221;{}&#8221;]<\/p>\n<h5>Since 1990<\/h5>\n<h3>MINIATURE &amp; GIANT SCHNAUZER breeding<\/h3>\n<p>At the moment we share our home with 4 miniature schnauzers: Yupi, Jeanie, Rozi and Watzmann.<\/p>\n<p>[\/et_pb_text][\/et_pb_column][et_pb_column type=&#8221;1_2&#8243; _builder_version=&#8221;3.25&#8243; custom_padding=&#8221;|||&#8221; global_colors_info=&#8221;{}&#8221; custom_padding__hover=&#8221;|||&#8221;][et_pb_image src=&#8221;https:\/\/snavcer.si\/wp-content\/uploads\/2019\/05\/DSC_2126_1.jpg&#8221; align_tablet=&#8221;center&#8221; align_phone=&#8221;&#8221; align_last_edited=&#8221;on|desktop&#8221; _builder_version=&#8221;3.23&#8243; z_index_tablet=&#8221;500&#8243; global_colors_info=&#8221;{}&#8221;][\/et_pb_image][\/et_pb_column][\/et_pb_row][\/et_pb_section][et_pb_section fb_built=&#8221;1&#8243; _builder_version=&#8221;3.22&#8243; background_color=&#8221;#f8c774&#8243; z_index_tablet=&#8221;500&#8243; global_colors_info=&#8221;{}&#8221;][et_pb_row _builder_version=&#8221;3.25&#8243; background_size=&#8221;initial&#8221; background_position=&#8221;top_left&#8221; background_repeat=&#8221;repeat&#8221; global_colors_info=&#8221;{}&#8221;][et_pb_column type=&#8221;4_4&#8243; _builder_version=&#8221;3.25&#8243; custom_padding=&#8221;|||&#8221; global_colors_info=&#8221;{}&#8221; custom_padding__hover=&#8221;|||&#8221;][et_pb_text _builder_version=&#8221;4.13.1&#8243; text_font=&#8221;Lora||||||||&#8221; text_font_size=&#8221;18px&#8221; text_line_height=&#8221;2em&#8221; header_2_font=&#8221;Lora|700|||||||&#8221; header_2_font_size=&#8221;50px&#8221; header_2_line_height=&#8221;1.5em&#8221; header_3_font=&#8221;Lora|700|||||||&#8221; header_3_font_size=&#8221;42px&#8221; header_3_line_height=&#8221;1.5em&#8221; header_5_font=&#8221;Oswald|||on|||||&#8221; header_5_text_color=&#8221;rgba(0,0,0,0.4)&#8221; header_5_font_size=&#8221;20px&#8221; header_5_letter_spacing=&#8221;3px&#8221; max_width=&#8221;600px&#8221; max_width_tablet=&#8221;&#8221; max_width_phone=&#8221;&#8221; max_width_last_edited=&#8221;on|phone&#8221; custom_margin_tablet=&#8221;|70px||70px&#8221; custom_margin_phone=&#8221;|50px||50px&#8221; custom_margin_last_edited=&#8221;off|desktop&#8221; text_line_height_last_edited=&#8221;off|desktop&#8221; z_index_tablet=&#8221;500&#8243; global_colors_info=&#8221;{}&#8221;]<\/p>\n<h5>Kennel Jola&#8217;s Black Demon<\/h5>\n<h3>Our dogs<\/h3>\n<p>[\/et_pb_text][\/et_pb_column][\/et_pb_row][et_pb_row column_structure=&#8221;1_3,1_3,1_3&#8243; _builder_version=&#8221;4.13.1&#8243; background_size=&#8221;initial&#8221; background_position=&#8221;top_left&#8221; background_repeat=&#8221;repeat&#8221; global_colors_info=&#8221;{}&#8221;][et_pb_column type=&#8221;1_3&#8243; _builder_version=&#8221;3.25&#8243; custom_padding=&#8221;|||&#8221; global_colors_info=&#8221;{}&#8221; custom_padding__hover=&#8221;|||&#8221;][et_pb_image src=&#8221;https:\/\/snavcer.si\/wp-content\/uploads\/2019\/04\/Rozi.jpg&#8221; url=&#8221;http:\/\/snavcer.si\/nasi-psi\/pritlikavi-snavcer-crno-srebrn-rozi\/&#8221; align_tablet=&#8221;center&#8221; align_phone=&#8221;&#8221; align_last_edited=&#8221;on|desktop&#8221; _builder_version=&#8221;4.13.1&#8243; z_index_tablet=&#8221;500&#8243; border_color_all=&#8221;#ff6527&#8243; global_colors_info=&#8221;{}&#8221;][\/et_pb_image][et_pb_text _builder_version=&#8221;4.13.1&#8243; hover_enabled=&#8221;0&#8243; z_index_tablet=&#8221;500&#8243; global_colors_info=&#8221;{}&#8221; sticky_enabled=&#8221;0&#8243;]<\/p>\n<h5>Miniature Schnauzer &#8211; black silver<\/h5>\n<h3>Rozi<\/h3>\n<p><a href=\"http:\/\/snavcer.si\/nasi-psi\/pritlikavi-snavcer-crno-srebrn-rozi\/\">Ve\u010d&#8230;<\/a><\/p>\n<p>[\/et_pb_text][\/et_pb_column][et_pb_column type=&#8221;1_3&#8243; _builder_version=&#8221;3.25&#8243; custom_padding=&#8221;|||&#8221; global_colors_info=&#8221;{}&#8221; custom_padding__hover=&#8221;|||&#8221;][et_pb_image src=&#8221;https:\/\/snavcer.si\/wp-content\/uploads\/2019\/04\/yupi.jpg&#8221; url=&#8221;http:\/\/snavcer.si\/nasi-psi\/pritlikavi-snavcer-crno-srebrn-yupi\/&#8221; align_tablet=&#8221;center&#8221; align_phone=&#8221;&#8221; align_last_edited=&#8221;on|desktop&#8221; _builder_version=&#8221;4.13.1&#8243; z_index_tablet=&#8221;500&#8243; global_colors_info=&#8221;{}&#8221;][\/et_pb_image][et_pb_text _builder_version=&#8221;4.13.1&#8243; hover_enabled=&#8221;0&#8243; z_index_tablet=&#8221;500&#8243; global_colors_info=&#8221;{}&#8221; sticky_enabled=&#8221;0&#8243;]<\/p>\n<h5>Miniature Schnauzer &#8211; black silver<\/h5>\n<h3>Yupi<\/h3>\n<p><a href=\"http:\/\/snavcer.si\/nasi-psi\/pritlikavi-snavcer-crno-srebrn-yupi\/\">Ve\u010d&#8230;<\/a><\/p>\n<p>[\/et_pb_text][\/et_pb_column][et_pb_column type=&#8221;1_3&#8243; _builder_version=&#8221;3.25&#8243; custom_padding=&#8221;|||&#8221; global_colors_info=&#8221;{}&#8221; custom_padding__hover=&#8221;|||&#8221;][et_pb_image src=&#8221;https:\/\/snavcer.si\/wp-content\/uploads\/2024\/11\/jeanie.jpg&#8221; title_text=&#8221;jeanie&#8221; url=&#8221;http:\/\/snavcer.si\/nasi-psi\/veliki-snavcer-crn-sema\/&#8221; align_tablet=&#8221;center&#8221; align_phone=&#8221;&#8221; align_last_edited=&#8221;on|desktop&#8221; _builder_version=&#8221;4.13.1&#8243; z_index_tablet=&#8221;500&#8243; global_colors_info=&#8221;{}&#8221;][\/et_pb_image][et_pb_text _builder_version=&#8221;4.13.1&#8243; hover_enabled=&#8221;0&#8243; z_index_tablet=&#8221;500&#8243; global_colors_info=&#8221;{}&#8221; sticky_enabled=&#8221;0&#8243;]<\/p>\n<h5>Miniature Schnauzer &#8211; black silver<\/h5>\n<h3>Jeanie<\/h3>\n<p><a href=\"https:\/\/snavcer.si\/nasi-psi\/pritlikavi-snavcer-crno-srebr-jeanie\/\">Ve\u010d..<\/a>.<\/p>\n<p>[\/et_pb_text][\/et_pb_column][\/et_pb_row][et_pb_row column_structure=&#8221;1_3,1_3,1_3&#8243; _builder_version=&#8221;3.25&#8243; background_size=&#8221;initial&#8221; background_position=&#8221;top_left&#8221; background_repeat=&#8221;repeat&#8221; global_colors_info=&#8221;{}&#8221;][et_pb_column type=&#8221;1_3&#8243; _builder_version=&#8221;3.25&#8243; custom_padding=&#8221;|||&#8221; global_colors_info=&#8221;{}&#8221; custom_padding__hover=&#8221;|||&#8221;][et_pb_image src=&#8221;https:\/\/snavcer.si\/wp-content\/uploads\/2023\/05\/DSC02697.jpg&#8221; title_text=&#8221;DSC02697&#8243; url=&#8221;http:\/\/snavcer.si\/nasi-psi\/pritlikavi-snavcer-crno-srebrn-rozi\/&#8221; align_tablet=&#8221;center&#8221; align_phone=&#8221;&#8221; align_last_edited=&#8221;on|desktop&#8221; _builder_version=&#8221;4.13.1&#8243; z_index_tablet=&#8221;500&#8243; border_color_all=&#8221;#ff6527&#8243; global_colors_info=&#8221;{}&#8221;][\/et_pb_image][et_pb_text _builder_version=&#8221;4.13.1&#8243; link_option_url=&#8221;http:\/\/snavcer.si\/nasi-psi\/watzmann&#8221; hover_enabled=&#8221;0&#8243; z_index_tablet=&#8221;500&#8243; global_colors_info=&#8221;{}&#8221; sticky_enabled=&#8221;0&#8243;]<\/p>\n<h5>Miniature schnauzer\u2013 black silver<\/h5>\n<h3>Watzmann<\/h3>\n<p><a href=\"http:\/\/snavcer.si\/nasi-psi\/watzmann\/\">Ve\u010d..<\/a>.<\/p>\n<p>[\/et_pb_text][\/et_pb_column][et_pb_column type=&#8221;1_3&#8243; _builder_version=&#8221;3.25&#8243; custom_padding=&#8221;|||&#8221; global_colors_info=&#8221;{}&#8221; custom_padding__hover=&#8221;|||&#8221;][et_pb_image src=&#8221;https:\/\/snavcer.si\/wp-content\/uploads\/2024\/11\/436227688_3712886282319651_2773425018206179446_n.jpg&#8221; title_text=&#8221;436227688_3712886282319651_2773425018206179446_n&#8221; _builder_version=&#8221;4.13.1&#8243; _module_preset=&#8221;default&#8221; global_colors_info=&#8221;{}&#8221;][\/et_pb_image][et_pb_text _builder_version=&#8221;4.13.1&#8243; _module_preset=&#8221;default&#8221; hover_enabled=&#8221;0&#8243; global_colors_info=&#8221;{}&#8221; sticky_enabled=&#8221;0&#8243;]<\/p>\n<h5>Miniature Schnauzer &#8211; black silver<\/h5>\n<h4>JOY<\/h4>\n<p><a href=\"https:\/\/snavcer.si\/nasi-psi\/joy\/\">ve\u010d<\/a><\/p>\n<p>[\/et_pb_text][\/et_pb_column][et_pb_column type=&#8221;1_3&#8243; _builder_version=&#8221;3.25&#8243; custom_padding=&#8221;|||&#8221; global_colors_info=&#8221;{}&#8221; custom_padding__hover=&#8221;|||&#8221;][\/et_pb_column][\/et_pb_row][\/et_pb_section][et_pb_section fb_built=&#8221;1&#8243; admin_label=&#8221;Footer Section&#8221; _builder_version=&#8221;4.13.1&#8243; background_color=&#8221;#232220&#8243; use_background_color_gradient=&#8221;on&#8221; background_color_gradient_start=&#8221;#232220&#8243; background_color_gradient_end=&#8221;rgba(35,34,32,0.13)&#8221; background_color_gradient_start_position=&#8221;25%&#8221; background_color_gradient_overlays_image=&#8221;on&#8221; background_image=&#8221;https:\/\/snavcer.si\/wp-content\/uploads\/2019\/04\/Jolas-Black-Demon-ozadje-noga.jpg&#8221; background_position=&#8221;top_center&#8221; custom_padding=&#8221;80px|0px|80px|0px|true|false&#8221; z_index_tablet=&#8221;500&#8243; saved_tabs=&#8221;all&#8221; global_colors_info=&#8221;{}&#8221;][et_pb_row column_structure=&#8221;1_4,1_2,1_4&#8243; admin_label=&#8221;Subscribe&#8221; _builder_version=&#8221;3.25&#8243; custom_margin=&#8221;|||&#8221; custom_padding=&#8221;|||&#8221; animation_style=&#8221;zoom&#8221; animation_intensity_zoom=&#8221;5%&#8221; global_colors_info=&#8221;{}&#8221;][et_pb_column type=&#8221;1_4&#8243; _builder_version=&#8221;3.25&#8243; custom_padding=&#8221;|||&#8221; global_colors_info=&#8221;{}&#8221; custom_padding__hover=&#8221;|||&#8221;][et_pb_text _builder_version=&#8221;4.13.1&#8243; z_index_tablet=&#8221;500&#8243; global_colors_info=&#8221;{}&#8221;]<\/p>\n<h2 style=\"text-align: center;\"><span style=\"color: #ffffff;\">Info<\/span><\/h2>\n<p>[\/et_pb_text][et_pb_text _builder_version=&#8221;3.27.4&#8243; z_index_tablet=&#8221;500&#8243; global_colors_info=&#8221;{}&#8221;]<\/p>\n<p><strong>Olga Bizjan Poklukar<\/strong><br \/><strong>Polhov gradec 86<\/strong><br \/><strong>1355 Polhov gradec<\/strong><br \/><strong>Tel. 031 852 215<\/strong><br \/><strong>Email:<\/strong> <a href=\"mailto:olga.bizjan.poklukar@gmail.com\" target=\"_blank\" rel=\"noopener noreferrer\">olga.bizjan.poklukar@gmail.com<\/a><\/p>\n<p>[\/et_pb_text][\/et_pb_column][et_pb_column type=&#8221;1_2&#8243; _builder_version=&#8221;3.25&#8243; custom_padding=&#8221;|||&#8221; global_colors_info=&#8221;{}&#8221; custom_padding__hover=&#8221;|||&#8221;][et_pb_text _builder_version=&#8221;3.27.4&#8243; z_index_tablet=&#8221;500&#8243; global_colors_info=&#8221;{}&#8221;]<\/p>\n<h2 style=\"text-align: center;\"><span style=\"color: #ffffff;\">Contact us<\/span><\/h2>\n<p>[\/et_pb_text][et_pb_contact_form use_spam_service=&#8221;on&#8221; recaptcha_list=&#8221;snavcersi|snavcersi-0&#8243; email=&#8221;olga.bizjan.poklukar@gmail.com&#8221; custom_message=&#8221;Novo sporo\u010dilo iz spletne strani: http:\/\/snavcer.si||et_pb_line_break_holder||Podrobnosti: ||et_pb_line_break_holder||||et_pb_line_break_holder||%%Name%%||et_pb_line_break_holder||%%Email%%||et_pb_line_break_holder||%%Message%%||et_pb_line_break_holder||&#8221; success_message=&#8221;Your message has been send successfully. &#8221; submit_button_text=&#8221;Send&#8221; _builder_version=&#8221;4.13.1&#8243; _unique_id=&#8221;2a9f3e39-1197-40b4-83c5-3e6dee519f3c&#8221; z_index_tablet=&#8221;500&#8243; global_colors_info=&#8221;{}&#8221;][et_pb_contact_field field_id=&#8221;Name&#8221; field_title=&#8221;Name and surname&#8221; _builder_version=&#8221;3.21.4&#8243; global_colors_info=&#8221;{}&#8221;][\/et_pb_contact_field][et_pb_contact_field field_id=&#8221;Email&#8221; field_title=&#8221;Email&#8221; field_type=&#8221;email&#8221; _builder_version=&#8221;3.21.4&#8243; global_colors_info=&#8221;{}&#8221;][\/et_pb_contact_field][et_pb_contact_field field_id=&#8221;Message&#8221; field_title=&#8221;Your question&#8221; field_type=&#8221;text&#8221; fullwidth_field=&#8221;on&#8221; _builder_version=&#8221;3.21.4&#8243; global_colors_info=&#8221;{}&#8221;][\/et_pb_contact_field][\/et_pb_contact_form][\/et_pb_column][et_pb_column type=&#8221;1_4&#8243; _builder_version=&#8221;3.25&#8243; custom_padding=&#8221;|||&#8221; global_colors_info=&#8221;{}&#8221; custom_padding__hover=&#8221;|||&#8221;][et_pb_social_media_follow _builder_version=&#8221;3.22.2&#8243; text_orientation=&#8221;center&#8221; custom_margin=&#8221;100px|||&#8221; z_index_tablet=&#8221;500&#8243; global_colors_info=&#8221;{}&#8221;][et_pb_social_media_follow_network social_network=&#8221;facebook&#8221; url=&#8221;https:\/\/www.facebook.com\/profile.php?id=100007949475208&#8243; _builder_version=&#8221;3.22.2&#8243; background_color=&#8221;rgba(255,255,255,0.1)&#8221; custom_margin=&#8221;|10px||10px&#8221; custom_margin_tablet=&#8221;|10px||10px&#8221; custom_margin_phone=&#8221;|10px||10px&#8221; custom_padding=&#8221;20px|20px|20px|20px&#8221; custom_padding_tablet=&#8221;20px|20px|20px|20px&#8221; custom_padding_phone=&#8221;20px|20px|20px|20px&#8221; border_radii=&#8221;on|50px|50px|50px|50px&#8221; global_colors_info=&#8221;{}&#8221; follow_button=&#8221;off&#8221; url_new_window=&#8221;on&#8221;]facebook [\/et_pb_social_media_follow_network][\/et_pb_social_media_follow][\/et_pb_column][\/et_pb_row][\/et_pb_section]<\/p>\n","protected":false},"excerpt":{"rendered":"<p>Since 1990 MINIATURE &amp; GIANT SCHNAUZER breeding At the moment we share our home with 4 miniature schnauzers: Yupi, Jeanie, Rozi and Watzmann.Kennel Jola&#8217;s Black Demon Our dogsMiniature Schnauzer &#8211; black silver Rozi Ve\u010d&#8230;Miniature Schnauzer &#8211; black silver Yupi Ve\u010d&#8230;Miniature Schnauzer &#8211; black silver Jeanie Ve\u010d&#8230;Miniature schnauzer\u2013 black silver Watzmann Ve\u010d&#8230;Miniature Schnauzer &#8211; black silver [&hellip;]<\/p>\n","protected":false},"author":1,"featured_media":0,"parent":0,"menu_order":0,"comment_status":"closed","ping_status":"closed","template":"","meta":{"_et_pb_use_builder":"on","_et_pb_old_content":"","_et_gb_content_width":"","footnotes":""},"class_list":["post-1009","page","type-page","status-publish","hentry"],"yoast_head":"<!-- This site is optimized with the Yoast SEO plugin v26.8 - https:\/\/yoast.com\/product\/yoast-seo-wordpress\/ -->\n<title>Our dogs - Psarna Jola&#039;s Black Demon<\/title>\n<meta name=\"description\" content=\"Our dogs: Miniature Schnauzer black silver Rozi, Miniature Schnauzer black silver Yupi, Giant Schnauzer black \u0160ema.\" \/>\n<meta name=\"robots\" content=\"index, follow, max-snippet:-1, max-image-preview:large, max-video-preview:-1\" \/>\n<link rel=\"canonical\" href=\"https:\/\/snavcer.si\/en\/our-dogs\/\" \/>\n<meta property=\"og:locale\" content=\"en_US\" \/>\n<meta property=\"og:type\" content=\"article\" \/>\n<meta property=\"og:title\" content=\"Our dogs - Psarna Jola&#039;s Black Demon\" \/>\n<meta property=\"og:description\" content=\"Our dogs: Miniature Schnauzer black silver Rozi, Miniature Schnauzer black silver Yupi, Giant Schnauzer black \u0160ema.\" \/>\n<meta property=\"og:url\" content=\"https:\/\/snavcer.si\/en\/our-dogs\/\" \/>\n<meta property=\"og:site_name\" content=\"Psarna Jola&#039;s Black Demon\" \/>\n<meta property=\"article:modified_time\" content=\"2024-11-28T12:31:28+00:00\" \/>\n<meta name=\"twitter:card\" content=\"summary_large_image\" \/>\n<meta name=\"twitter:label1\" content=\"Est. reading time\" \/>\n\t<meta name=\"twitter:data1\" content=\"2 minutes\" \/>\n<script type=\"application\/ld+json\" class=\"yoast-schema-graph\">{\"@context\":\"https:\/\/schema.org\",\"@graph\":[{\"@type\":\"WebPage\",\"@id\":\"https:\/\/snavcer.si\/en\/our-dogs\/\",\"url\":\"https:\/\/snavcer.si\/en\/our-dogs\/\",\"name\":\"Our dogs - Psarna Jola&#039;s Black Demon\",\"isPartOf\":{\"@id\":\"https:\/\/snavcer.si\/en\/#website\"},\"datePublished\":\"2021-02-23T09:37:48+00:00\",\"dateModified\":\"2024-11-28T12:31:28+00:00\",\"description\":\"Our dogs: Miniature Schnauzer black silver Rozi, Miniature Schnauzer black silver Yupi, Giant Schnauzer black \u0160ema.\",\"breadcrumb\":{\"@id\":\"https:\/\/snavcer.si\/en\/our-dogs\/#breadcrumb\"},\"inLanguage\":\"en-US\",\"potentialAction\":[{\"@type\":\"ReadAction\",\"target\":[\"https:\/\/snavcer.si\/en\/our-dogs\/\"]}]},{\"@type\":\"BreadcrumbList\",\"@id\":\"https:\/\/snavcer.si\/en\/our-dogs\/#breadcrumb\",\"itemListElement\":[{\"@type\":\"ListItem\",\"position\":1,\"name\":\"Home\",\"item\":\"https:\/\/snavcer.si\/en\/\"},{\"@type\":\"ListItem\",\"position\":2,\"name\":\"Our dogs\"}]},{\"@type\":\"WebSite\",\"@id\":\"https:\/\/snavcer.si\/en\/#website\",\"url\":\"https:\/\/snavcer.si\/en\/\",\"name\":\"Psarna Jola&#039;s Black Demon\",\"description\":\"Vzreja velikih in pritlikavih \u0161navcerjev, \u017ee od leta 1990!\",\"potentialAction\":[{\"@type\":\"SearchAction\",\"target\":{\"@type\":\"EntryPoint\",\"urlTemplate\":\"https:\/\/snavcer.si\/en\/?s={search_term_string}\"},\"query-input\":{\"@type\":\"PropertyValueSpecification\",\"valueRequired\":true,\"valueName\":\"search_term_string\"}}],\"inLanguage\":\"en-US\"}]}<\/script>\n<!-- \/ Yoast SEO plugin. -->","yoast_head_json":{"title":"Our dogs - Psarna Jola&#039;s Black Demon","description":"Our dogs: Miniature Schnauzer black silver Rozi, Miniature Schnauzer black silver Yupi, Giant Schnauzer black \u0160ema.","robots":{"index":"index","follow":"follow","max-snippet":"max-snippet:-1","max-image-preview":"max-image-preview:large","max-video-preview":"max-video-preview:-1"},"canonical":"https:\/\/snavcer.si\/en\/our-dogs\/","og_locale":"en_US","og_type":"article","og_title":"Our dogs - Psarna Jola&#039;s Black Demon","og_description":"Our dogs: Miniature Schnauzer black silver Rozi, Miniature Schnauzer black silver Yupi, Giant Schnauzer black \u0160ema.","og_url":"https:\/\/snavcer.si\/en\/our-dogs\/","og_site_name":"Psarna Jola&#039;s Black Demon","article_modified_time":"2024-11-28T12:31:28+00:00","twitter_card":"summary_large_image","twitter_misc":{"Est. reading time":"2 minutes"},"schema":{"@context":"https:\/\/schema.org","@graph":[{"@type":"WebPage","@id":"https:\/\/snavcer.si\/en\/our-dogs\/","url":"https:\/\/snavcer.si\/en\/our-dogs\/","name":"Our dogs - Psarna Jola&#039;s Black Demon","isPartOf":{"@id":"https:\/\/snavcer.si\/en\/#website"},"datePublished":"2021-02-23T09:37:48+00:00","dateModified":"2024-11-28T12:31:28+00:00","description":"Our dogs: Miniature Schnauzer black silver Rozi, Miniature Schnauzer black silver Yupi, Giant Schnauzer black \u0160ema.","breadcrumb":{"@id":"https:\/\/snavcer.si\/en\/our-dogs\/#breadcrumb"},"inLanguage":"en-US","potentialAction":[{"@type":"ReadAction","target":["https:\/\/snavcer.si\/en\/our-dogs\/"]}]},{"@type":"BreadcrumbList","@id":"https:\/\/snavcer.si\/en\/our-dogs\/#breadcrumb","itemListElement":[{"@type":"ListItem","position":1,"name":"Home","item":"https:\/\/snavcer.si\/en\/"},{"@type":"ListItem","position":2,"name":"Our dogs"}]},{"@type":"WebSite","@id":"https:\/\/snavcer.si\/en\/#website","url":"https:\/\/snavcer.si\/en\/","name":"Psarna Jola&#039;s Black Demon","description":"Vzreja velikih in pritlikavih \u0161navcerjev, \u017ee od leta 1990!","potentialAction":[{"@type":"SearchAction","target":{"@type":"EntryPoint","urlTemplate":"https:\/\/snavcer.si\/en\/?s={search_term_string}"},"query-input":{"@type":"PropertyValueSpecification","valueRequired":true,"valueName":"search_term_string"}}],"inLanguage":"en-US"}]}},"_links":{"self":[{"href":"https:\/\/snavcer.si\/en\/wp-json\/wp\/v2\/pages\/1009","targetHints":{"allow":["GET"]}}],"collection":[{"href":"https:\/\/snavcer.si\/en\/wp-json\/wp\/v2\/pages"}],"about":[{"href":"https:\/\/snavcer.si\/en\/wp-json\/wp\/v2\/types\/page"}],"author":[{"embeddable":true,"href":"https:\/\/snavcer.si\/en\/wp-json\/wp\/v2\/users\/1"}],"replies":[{"embeddable":true,"href":"https:\/\/snavcer.si\/en\/wp-json\/wp\/v2\/comments?post=1009"}],"version-history":[{"count":25,"href":"https:\/\/snavcer.si\/en\/wp-json\/wp\/v2\/pages\/1009\/revisions"}],"predecessor-version":[{"id":1786,"href":"https:\/\/snavcer.si\/en\/wp-json\/wp\/v2\/pages\/1009\/revisions\/1786"}],"wp:attachment":[{"href":"https:\/\/snavcer.si\/en\/wp-json\/wp\/v2\/media?parent=1009"}],"curies":[{"name":"wp","href":"https:\/\/api.w.org\/{rel}","templated":true}]}}