{"id":1013,"date":"2021-02-23T10:40:55","date_gmt":"2021-02-23T09:40:55","guid":{"rendered":"http:\/\/snavcer.si\/our-dogs\/miniature-schnauzer-black-silver-rozi\/"},"modified":"2021-11-11T22:29:54","modified_gmt":"2021-11-11T21:29:54","slug":"miniature-schnauzer-black-silver-rozi","status":"publish","type":"page","link":"https:\/\/snavcer.si\/en\/our-dogs\/miniature-schnauzer-black-silver-rozi\/","title":{"rendered":"Miniature Schnauzer black silver Rozi"},"content":{"rendered":"<p>[et_pb_section fb_built=&#8221;1&#8243; fullwidth=&#8221;on&#8221; next_background_color=&#8221;#ffffff&#8221; admin_label=&#8221;Header Section&#8221; _builder_version=&#8221;3.22&#8243; background_color=&#8221;#000000&#8243; bottom_divider_style=&#8221;ramp&#8221; bottom_divider_flip=&#8221;horizontal&#8221;][et_pb_fullwidth_header title=&#8221;Our dogs&#8221; subhead=&#8221;Rozi&#8221; text_orientation=&#8221;center&#8221; content_max_width=&#8221;640px&#8221; _builder_version=&#8221;3.21.4&#8243; title_font=&#8221;Oswald|||on|||||&#8221; title_font_size=&#8221;20px&#8221; title_letter_spacing=&#8221;3px&#8221; title_line_height=&#8221;1.5em&#8221; content_font=&#8221;Lora||||||||&#8221; content_font_size=&#8221;22px&#8221; content_line_height=&#8221;2em&#8221; subhead_font=&#8221;Lora|700|||||||&#8221; subhead_font_size=&#8221;60px&#8221; subhead_line_height=&#8221;1.5em&#8221; background_color=&#8221;rgba(255,255,255,0)&#8221; background_image=&#8221;http:\/\/snavcer.si\/wp-content\/uploads\/2019\/04\/nasi-psi.jpg&#8221; parallax=&#8221;on&#8221; parallax_method=&#8221;on&#8221; custom_button_one=&#8221;on&#8221; button_one_text_size=&#8221;16px&#8221; button_one_text_color=&#8221;#ffffff&#8221; button_one_bg_color=&#8221;#d29f68&#8243; button_one_border_width=&#8221;15px&#8221; button_one_border_color=&#8221;rgba(210,159,104,0)&#8221; button_one_border_radius=&#8221;100px&#8221; button_one_letter_spacing=&#8221;3px&#8221; button_one_font=&#8221;Oswald|||on|||||&#8221; button_one_use_icon=&#8221;off&#8221; custom_button_two=&#8221;on&#8221; button_two_text_size=&#8221;16px&#8221; button_two_text_color=&#8221;#ffffff&#8221; button_two_bg_color=&#8221;rgba(255,255,255,0.35)&#8221; button_two_border_width=&#8221;15px&#8221; button_two_border_color=&#8221;rgba(0,0,0,0)&#8221; button_two_border_radius=&#8221;100px&#8221; button_two_letter_spacing=&#8221;3px&#8221; button_two_font=&#8221;Oswald|||on|||||&#8221; button_two_use_icon=&#8221;off&#8221; custom_margin=&#8221;|||&#8221; custom_padding=&#8221;90px||90px||true&#8221; animation_style=&#8221;zoom&#8221; animation_duration=&#8221;2000ms&#8221; animation_intensity_zoom=&#8221;4%&#8221; subhead_font_size_tablet=&#8221;&#8221; subhead_font_size_phone=&#8221;50px&#8221; subhead_font_size_last_edited=&#8221;on|desktop&#8221; z_index_tablet=&#8221;500&#8243; button_one_border_radius_hover=&#8221;100px&#8221; button_one_bg_color_hover=&#8221;#cc8d66&#8243; button_two_bg_color_hover=&#8221;#d29f68&#8243;][\/et_pb_fullwidth_header][\/et_pb_section][et_pb_section fb_built=&#8221;1&#8243; admin_label=&#8221;About Section&#8221; _builder_version=&#8221;3.22&#8243; custom_padding=&#8221;80px|0px|80px|0px|true|false&#8221;][et_pb_row admin_label=&#8221;About Row&#8221; _builder_version=&#8221;3.25&#8243;][et_pb_column type=&#8221;4_4&#8243; _builder_version=&#8221;3.25&#8243; custom_padding=&#8221;|||&#8221; custom_padding__hover=&#8221;|||&#8221;][et_pb_text _builder_version=&#8221;3.27.4&#8243; text_font=&#8221;Lora||||||||&#8221; text_font_size=&#8221;18px&#8221; text_line_height=&#8221;2em&#8221; header_2_font=&#8221;Lora|700|||||||&#8221; header_2_font_size=&#8221;50px&#8221; header_2_line_height=&#8221;1.5em&#8221; header_3_font=&#8221;Lora|700|||||||&#8221; header_3_font_size=&#8221;42px&#8221; header_3_line_height=&#8221;1.5em&#8221; header_5_font=&#8221;Oswald|||on|||||&#8221; header_5_text_color=&#8221;rgba(0,0,0,0.4)&#8221; header_5_font_size=&#8221;20px&#8221; header_5_letter_spacing=&#8221;3px&#8221; max_width=&#8221;600px&#8221; max_width_tablet=&#8221;&#8221; max_width_phone=&#8221;&#8221; max_width_last_edited=&#8221;on|phone&#8221; custom_margin_tablet=&#8221;|70px||70px&#8221; custom_margin_phone=&#8221;|50px||50px&#8221; custom_margin_last_edited=&#8221;off|desktop&#8221; text_line_height_last_edited=&#8221;off|desktop&#8221; z_index_tablet=&#8221;500&#8243;]<\/p>\n<h5>Kennel Jola&#8217;s Black Demon<\/h5>\n<h3>Rozi<\/h3>\n<p>[\/et_pb_text][\/et_pb_column][\/et_pb_row][et_pb_row column_structure=&#8221;1_2,1_2&#8243; _builder_version=&#8221;3.25&#8243; background_size=&#8221;initial&#8221; background_position=&#8221;top_left&#8221; background_repeat=&#8221;repeat&#8221;][et_pb_column type=&#8221;1_2&#8243; _builder_version=&#8221;3.25&#8243; custom_padding=&#8221;|||&#8221; custom_padding__hover=&#8221;|||&#8221;][et_pb_text _builder_version=&#8221;4.9.0&#8243; text_font_size=&#8221;16px&#8221; hover_enabled=&#8221;0&#8243; z_index_tablet=&#8221;500&#8243; sticky_enabled=&#8221;0&#8243;]<\/p>\n<h3>EASY ELSEE JOLA&#8217;S BLACK DEMON (ROZI)<br \/>Miniature Schnauzer \u2013 black silver<\/h3>\n<p><strong>Date of Birth:<\/strong> 3. 6. 2017<br \/><strong>Height:<\/strong> 35 cm<\/p>\n<p><strong>Sire<\/strong>: RUS PITMARK MAXIMUM POWER<br \/><strong>Dam:<\/strong> UNEXPECTED UPDATE Z DIXIE<\/p>\n<p><a href=\"http:\/\/www.zwerg-schnauzer.info\/dog.php?screen=1&amp;userif=1&amp;id=37033\" target=\"_blank\" rel=\"noopener noreferrer\">Pedigree<\/a><\/p>\n<p><strong>Show results:<\/strong> Ch.J-SLO, Ch-SLO<br \/><strong>Breeding licence<\/strong><strong>:<\/strong> I<br \/><strong>Health<\/strong><strong>:<\/strong><\/p>\n<p>Ophthalmologic examination of the eyes neg. jun2018,<br \/>PL 0\/0,<br \/>MAC \u2013 N\/N (clear by parentage), PRA B \u2013 N\/N (clear by parentage), MC \u2013 N\/N (clear by parentage), PRA B1 (HIVEP 3 GEN) \u2013 N\/N (clear), SDC (Comma defekt) \u2013 N\/N (clear), MTC (Chorcat-Marie-Tooth Neuropathy) \u2013 N\/N (clear), HUU (Hyperuricasuria) \u2013 N\/N (clear), Factor VII \u2013 N\/n (carrier)<\/p>\n<p>[\/et_pb_text][et_pb_text _builder_version=&#8221;4.9.0&#8243; text_font_size=&#8221;16px&#8221; z_index_tablet=&#8221;500&#8243;]<\/p>\n<h3>About<\/h3>\n<blockquote>\n<p>Rozi is from our breeding, interesting bloodlines, very temperament and fast, always ready for action and cooperation. He is a dog who knows exactly what he wants and also shows it clearly. She likes to swim.<\/p>\n<\/blockquote>\n<p><strong>Description (breeding exam): <\/strong> Very nice builted, suitable substances, head parallel, ears nicely set and perfectly worn, dark eye. Excellent chest depth, firm top line, high tail set, excellent angulation. Very high quality hair, black with suitable burns. Standing parallel, free movement.<\/p>\n<p>[\/et_pb_text][\/et_pb_column][et_pb_column type=&#8221;1_2&#8243; _builder_version=&#8221;3.25&#8243; custom_padding=&#8221;|||&#8221; custom_padding__hover=&#8221;|||&#8221;][et_pb_image src=&#8221;http:\/\/snavcer.si\/wp-content\/uploads\/2019\/04\/Pritlikavi-\u0161navcer-\u010drno-srebrn-Rozi.jpg&#8221; title_text=&#8221;Pritlikavi-\u0161navcer-\u010drno-srebrn&#8212;Rozi&#8221; align_tablet=&#8221;center&#8221; align_phone=&#8221;&#8221; align_last_edited=&#8221;on|desktop&#8221; _builder_version=&#8221;4.9.0&#8243; z_index_tablet=&#8221;500&#8243;][\/et_pb_image][\/et_pb_column][\/et_pb_row][\/et_pb_section][et_pb_section fb_built=&#8221;1&#8243; _builder_version=&#8221;4.5.3&#8243; _module_preset=&#8221;default&#8221; custom_padding=&#8221;||||false|false&#8221; border_color_all=&#8221;#d6d6d6&#8243;][et_pb_row _builder_version=&#8221;4.5.3&#8243; _module_preset=&#8221;default&#8221; background_enable_color=&#8221;off&#8221;][et_pb_column type=&#8221;4_4&#8243; _builder_version=&#8221;4.5.3&#8243; _module_preset=&#8221;default&#8221;][et_pb_text _builder_version=&#8221;4.7.4&#8243; _module_preset=&#8221;default&#8221;]<\/p>\n<h3>EASY ELSEE JOLA&#8217;S BLACK DEMON pedigree<\/h3>\n<p>[\/et_pb_text][et_pb_text _builder_version=&#8221;4.5.3&#8243; _module_preset=&#8221;default&#8221; box_shadow_style=&#8221;preset1&#8243;]<\/p>\n<table width=\"955\">\n<tbody>\n<tr>\n<td rowspan=\"4\" width=\"318\">CH.RUS PITMARK MAXIMUM POWER (BS)<\/td>\n<td rowspan=\"2\" width=\"306\">CH.LUCAS DE QUINTA TAMANACO (BS)<\/td>\n<td width=\"331\">RUEDESHEIM CREEKSONG&#8217;S SHAMAN (BS)<\/td>\n<\/tr>\n<tr>\n<td>BARBARA DE QUINTA TAMANACO (BS)<\/td>\n<\/tr>\n<tr>\n<td rowspan=\"2\">CH.RUS PITMARK NATA PER ME (BS)<\/td>\n<td>CH.ORLANDO REZLARK (B)<\/td>\n<\/tr>\n<tr>\n<td>CH.RUS PITMARK LUCKY CHANCE (B)<\/td>\n<\/tr>\n<tr>\n<td rowspan=\"4\">CH.UNEXPECTED UPDATE Z DIXIE (BS)<\/td>\n<td rowspan=\"2\">CH. IF I COLULD FLY HELLOWEEN (BS)<\/td>\n<td>CH.WILD RUSH&#8217;S KNIGHTS OF THE ROUND (BS)<\/td>\n<\/tr>\n<tr>\n<td>CH.REPITITION&#8217;S CARPE DIEM (BS)<\/td>\n<\/tr>\n<tr>\n<td rowspan=\"2\">CH.ICE DIVA Z DIXIE (BS)<\/td>\n<td>CH.NOBLE MONUMENT&#8217;S ATMAN (BS)<\/td>\n<\/tr>\n<tr>\n<td>CH.TROPICAL NIGHT Z DIXIE (BS)<\/td>\n<\/tr>\n<\/tbody>\n<\/table>\n<p>[\/et_pb_text][\/et_pb_column][\/et_pb_row][\/et_pb_section][et_pb_section fb_built=&#8221;1&#8243; _builder_version=&#8221;3.22&#8243; z_index_tablet=&#8221;500&#8243;][et_pb_row _builder_version=&#8221;3.25&#8243; background_size=&#8221;initial&#8221; background_position=&#8221;top_left&#8221; background_repeat=&#8221;repeat&#8221;][et_pb_column type=&#8221;4_4&#8243; _builder_version=&#8221;3.25&#8243; custom_padding=&#8221;|||&#8221; custom_padding__hover=&#8221;|||&#8221;][et_pb_gallery gallery_ids=&#8221;821,982,890,981,822,984,980,823,824,896,898,826,827,895,897,979&#8243; posts_number=&#8221;16&#8243; show_title_and_caption=&#8221;off&#8221; _builder_version=&#8221;4.5.3&#8243; z_index_tablet=&#8221;500&#8243;][\/et_pb_gallery][\/et_pb_column][\/et_pb_row][\/et_pb_section][et_pb_section fb_built=&#8221;1&#8243; admin_label=&#8221;Footer Section&#8221; _builder_version=&#8221;3.22&#8243; background_color=&#8221;#232220&#8243; use_background_color_gradient=&#8221;on&#8221; background_color_gradient_start=&#8221;#232220&#8243; background_color_gradient_end=&#8221;rgba(35,34,32,0.13)&#8221; background_color_gradient_start_position=&#8221;25%&#8221; background_color_gradient_overlays_image=&#8221;on&#8221; background_image=&#8221;http:\/\/snavcer.si\/wp-content\/uploads\/2019\/04\/Jolas-Black-Demon-ozadje-noga.jpg&#8221; background_position=&#8221;top_center&#8221; custom_padding=&#8221;80px|0px|80px|0px|true|false&#8221; z_index_tablet=&#8221;500&#8243; saved_tabs=&#8221;all&#8221;][et_pb_row column_structure=&#8221;1_4,1_2,1_4&#8243; admin_label=&#8221;Subscribe&#8221; _builder_version=&#8221;3.25&#8243; custom_margin=&#8221;|||&#8221; custom_padding=&#8221;|||&#8221; animation_style=&#8221;zoom&#8221; animation_intensity_zoom=&#8221;5%&#8221;][et_pb_column type=&#8221;1_4&#8243; _builder_version=&#8221;3.25&#8243; custom_padding=&#8221;|||&#8221; custom_padding__hover=&#8221;|||&#8221;][et_pb_text _builder_version=&#8221;3.27.4&#8243; z_index_tablet=&#8221;500&#8243;]<\/p>\n<h2 style=\"text-align: center;\"><span style=\"color: #ffffff;\">Info<\/span><\/h2>\n<p>[\/et_pb_text][et_pb_text _builder_version=&#8221;3.27.4&#8243; z_index_tablet=&#8221;500&#8243;]<\/p>\n<p><strong>Olga Bizjan Poklukar<\/strong><br \/><strong>Polhov gradec 86<\/strong><br \/><strong>1355 Polhov gradec<\/strong><br \/><strong>Tel. 031 852 215<\/strong><br \/><strong>Email:<\/strong> <a href=\"mailto:olga.bizjan.poklukar@gmail.com\" target=\"_blank\" rel=\"noopener noreferrer\">olga.bizjan.poklukar@gmail.com<\/a><\/p>\n<p>[\/et_pb_text][\/et_pb_column][et_pb_column type=&#8221;1_2&#8243; _builder_version=&#8221;3.25&#8243; custom_padding=&#8221;|||&#8221; custom_padding__hover=&#8221;|||&#8221;][et_pb_text _builder_version=&#8221;3.27.4&#8243; z_index_tablet=&#8221;500&#8243;]<\/p>\n<h2 style=\"text-align: center;\"><span style=\"color: #ffffff;\">Contact us <\/span><\/h2>\n<p>[\/et_pb_text][et_pb_contact_form use_spam_service=&#8221;on&#8221; recaptcha_list=&#8221;snavcersi|snavcersi-0&#8243; email=&#8221;olga.bizjan.poklukar@gmail.com&#8221; custom_message=&#8221;Novo sporo\u010dilo iz spletne strani: http:\/\/snavcer.si||et_pb_line_break_holder||Podrobnosti: ||et_pb_line_break_holder||||et_pb_line_break_holder||%%Name%%||et_pb_line_break_holder||%%Email%%||et_pb_line_break_holder||%%Message%%||et_pb_line_break_holder||&#8221; success_message=&#8221;Your message has been send successfully. &#8221; submit_button_text=&#8221;Send&#8221; _builder_version=&#8221;4.4.0&#8243; z_index_tablet=&#8221;500&#8243;][et_pb_contact_field field_id=&#8221;Name&#8221; field_title=&#8221;Name and surname&#8221; _builder_version=&#8221;3.21.4&#8243;][\/et_pb_contact_field][et_pb_contact_field field_id=&#8221;Email&#8221; field_title=&#8221;Email&#8221; field_type=&#8221;email&#8221; _builder_version=&#8221;3.21.4&#8243;][\/et_pb_contact_field][et_pb_contact_field field_id=&#8221;Message&#8221; field_title=&#8221;Your question&#8221; field_type=&#8221;text&#8221; fullwidth_field=&#8221;on&#8221; _builder_version=&#8221;3.21.4&#8243;][\/et_pb_contact_field][\/et_pb_contact_form][\/et_pb_column][et_pb_column type=&#8221;1_4&#8243; _builder_version=&#8221;3.25&#8243; custom_padding=&#8221;|||&#8221; custom_padding__hover=&#8221;|||&#8221;][et_pb_social_media_follow _builder_version=&#8221;3.22.2&#8243; text_orientation=&#8221;center&#8221; custom_margin=&#8221;100px|||&#8221; z_index_tablet=&#8221;500&#8243;][et_pb_social_media_follow_network social_network=&#8221;facebook&#8221; url=&#8221;https:\/\/www.facebook.com\/profile.php?id=100007949475208&#8243; _builder_version=&#8221;3.22.2&#8243; background_color=&#8221;rgba(255,255,255,0.1)&#8221; custom_margin=&#8221;|10px||10px&#8221; custom_margin_tablet=&#8221;|10px||10px&#8221; custom_margin_phone=&#8221;|10px||10px&#8221; custom_padding=&#8221;20px|20px|20px|20px&#8221; custom_padding_tablet=&#8221;20px|20px|20px|20px&#8221; custom_padding_phone=&#8221;20px|20px|20px|20px&#8221; border_radii=&#8221;on|50px|50px|50px|50px&#8221; follow_button=&#8221;off&#8221; url_new_window=&#8221;on&#8221;]<\/p>\n<p>facebook<\/p>\n<p>[\/et_pb_social_media_follow_network][\/et_pb_social_media_follow][\/et_pb_column][\/et_pb_row][\/et_pb_section]<\/p>\n","protected":false},"excerpt":{"rendered":"<p>Kennel Jola&#8217;s Black Demon RoziEASY ELSEE JOLA&#8217;S BLACK DEMON (ROZI)Miniature Schnauzer \u2013 black silver Date of Birth: 3. 6. 2017Height: 35 cm Sire: RUS PITMARK MAXIMUM POWERDam: UNEXPECTED UPDATE Z DIXIE Pedigree Show results: Ch.J-SLO, Ch-SLOBreeding licence: IHealth: Ophthalmologic examination of the eyes neg. jun2018,PL 0\/0,MAC \u2013 N\/N (clear by parentage), PRA B \u2013 N\/N [&hellip;]<\/p>\n","protected":false},"author":1,"featured_media":0,"parent":1009,"menu_order":0,"comment_status":"closed","ping_status":"closed","template":"","meta":{"_et_pb_use_builder":"on","_et_pb_old_content":"","_et_gb_content_width":"","footnotes":""},"class_list":["post-1013","page","type-page","status-publish","hentry"],"yoast_head":"<!-- This site is optimized with the Yoast SEO plugin v26.8 - https:\/\/yoast.com\/product\/yoast-seo-wordpress\/ -->\n<title>Miniature Schnauzer black silver Rozi - Psarna Jola&#039;s Black Demon<\/title>\n<meta name=\"description\" content=\"Pritlikavi \u0161navcer \u010drno srebrn Rozi. EASY ELSEE JOLA\u2019S BLACK DEMON (ROZI) Pritlikavi \u0161navcer \u2013 \u010drno srebrn. Rozi je iz na\u0161e vzreje, zanimivih krvnih linij, zelo temperamentna in hitra, vedno pripravljena za akcijo, pri njej ima\u0161 ob\u010dutek, da te opazuje, celo ko spi.\" \/>\n<meta name=\"robots\" content=\"index, follow, max-snippet:-1, max-image-preview:large, max-video-preview:-1\" \/>\n<link rel=\"canonical\" href=\"https:\/\/snavcer.si\/en\/our-dogs\/miniature-schnauzer-black-silver-rozi\/\" \/>\n<meta property=\"og:locale\" content=\"en_US\" \/>\n<meta property=\"og:type\" content=\"article\" \/>\n<meta property=\"og:title\" content=\"Miniature Schnauzer black silver Rozi - Psarna Jola&#039;s Black Demon\" \/>\n<meta property=\"og:description\" content=\"Pritlikavi \u0161navcer \u010drno srebrn Rozi. EASY ELSEE JOLA\u2019S BLACK DEMON (ROZI) Pritlikavi \u0161navcer \u2013 \u010drno srebrn. Rozi je iz na\u0161e vzreje, zanimivih krvnih linij, zelo temperamentna in hitra, vedno pripravljena za akcijo, pri njej ima\u0161 ob\u010dutek, da te opazuje, celo ko spi.\" \/>\n<meta property=\"og:url\" content=\"https:\/\/snavcer.si\/en\/our-dogs\/miniature-schnauzer-black-silver-rozi\/\" \/>\n<meta property=\"og:site_name\" content=\"Psarna Jola&#039;s Black Demon\" \/>\n<meta property=\"article:modified_time\" content=\"2021-11-11T21:29:54+00:00\" \/>\n<meta name=\"twitter:card\" content=\"summary_large_image\" \/>\n<meta name=\"twitter:label1\" content=\"Est. reading time\" \/>\n\t<meta name=\"twitter:data1\" content=\"7 minutes\" \/>\n<script type=\"application\/ld+json\" class=\"yoast-schema-graph\">{\"@context\":\"https:\/\/schema.org\",\"@graph\":[{\"@type\":\"WebPage\",\"@id\":\"https:\/\/snavcer.si\/en\/our-dogs\/miniature-schnauzer-black-silver-rozi\/\",\"url\":\"https:\/\/snavcer.si\/en\/our-dogs\/miniature-schnauzer-black-silver-rozi\/\",\"name\":\"Miniature Schnauzer black silver Rozi - Psarna Jola&#039;s Black Demon\",\"isPartOf\":{\"@id\":\"https:\/\/snavcer.si\/en\/#website\"},\"datePublished\":\"2021-02-23T09:40:55+00:00\",\"dateModified\":\"2021-11-11T21:29:54+00:00\",\"description\":\"Pritlikavi \u0161navcer \u010drno srebrn Rozi. EASY ELSEE JOLA\u2019S BLACK DEMON (ROZI) Pritlikavi \u0161navcer \u2013 \u010drno srebrn. Rozi je iz na\u0161e vzreje, zanimivih krvnih linij, zelo temperamentna in hitra, vedno pripravljena za akcijo, pri njej ima\u0161 ob\u010dutek, da te opazuje, celo ko spi.\",\"breadcrumb\":{\"@id\":\"https:\/\/snavcer.si\/en\/our-dogs\/miniature-schnauzer-black-silver-rozi\/#breadcrumb\"},\"inLanguage\":\"en-US\",\"potentialAction\":[{\"@type\":\"ReadAction\",\"target\":[\"https:\/\/snavcer.si\/en\/our-dogs\/miniature-schnauzer-black-silver-rozi\/\"]}]},{\"@type\":\"BreadcrumbList\",\"@id\":\"https:\/\/snavcer.si\/en\/our-dogs\/miniature-schnauzer-black-silver-rozi\/#breadcrumb\",\"itemListElement\":[{\"@type\":\"ListItem\",\"position\":1,\"name\":\"Home\",\"item\":\"https:\/\/snavcer.si\/en\/\"},{\"@type\":\"ListItem\",\"position\":2,\"name\":\"Our dogs\",\"item\":\"https:\/\/snavcer.si\/en\/our-dogs\/\"},{\"@type\":\"ListItem\",\"position\":3,\"name\":\"Miniature Schnauzer black silver Rozi\"}]},{\"@type\":\"WebSite\",\"@id\":\"https:\/\/snavcer.si\/en\/#website\",\"url\":\"https:\/\/snavcer.si\/en\/\",\"name\":\"Psarna Jola&#039;s Black Demon\",\"description\":\"Vzreja velikih in pritlikavih \u0161navcerjev, \u017ee od leta 1990!\",\"potentialAction\":[{\"@type\":\"SearchAction\",\"target\":{\"@type\":\"EntryPoint\",\"urlTemplate\":\"https:\/\/snavcer.si\/en\/?s={search_term_string}\"},\"query-input\":{\"@type\":\"PropertyValueSpecification\",\"valueRequired\":true,\"valueName\":\"search_term_string\"}}],\"inLanguage\":\"en-US\"}]}<\/script>\n<!-- \/ Yoast SEO plugin. -->","yoast_head_json":{"title":"Miniature Schnauzer black silver Rozi - Psarna Jola&#039;s Black Demon","description":"Pritlikavi \u0161navcer \u010drno srebrn Rozi. EASY ELSEE JOLA\u2019S BLACK DEMON (ROZI) Pritlikavi \u0161navcer \u2013 \u010drno srebrn. Rozi je iz na\u0161e vzreje, zanimivih krvnih linij, zelo temperamentna in hitra, vedno pripravljena za akcijo, pri njej ima\u0161 ob\u010dutek, da te opazuje, celo ko spi.","robots":{"index":"index","follow":"follow","max-snippet":"max-snippet:-1","max-image-preview":"max-image-preview:large","max-video-preview":"max-video-preview:-1"},"canonical":"https:\/\/snavcer.si\/en\/our-dogs\/miniature-schnauzer-black-silver-rozi\/","og_locale":"en_US","og_type":"article","og_title":"Miniature Schnauzer black silver Rozi - Psarna Jola&#039;s Black Demon","og_description":"Pritlikavi \u0161navcer \u010drno srebrn Rozi. EASY ELSEE JOLA\u2019S BLACK DEMON (ROZI) Pritlikavi \u0161navcer \u2013 \u010drno srebrn. Rozi je iz na\u0161e vzreje, zanimivih krvnih linij, zelo temperamentna in hitra, vedno pripravljena za akcijo, pri njej ima\u0161 ob\u010dutek, da te opazuje, celo ko spi.","og_url":"https:\/\/snavcer.si\/en\/our-dogs\/miniature-schnauzer-black-silver-rozi\/","og_site_name":"Psarna Jola&#039;s Black Demon","article_modified_time":"2021-11-11T21:29:54+00:00","twitter_card":"summary_large_image","twitter_misc":{"Est. reading time":"7 minutes"},"schema":{"@context":"https:\/\/schema.org","@graph":[{"@type":"WebPage","@id":"https:\/\/snavcer.si\/en\/our-dogs\/miniature-schnauzer-black-silver-rozi\/","url":"https:\/\/snavcer.si\/en\/our-dogs\/miniature-schnauzer-black-silver-rozi\/","name":"Miniature Schnauzer black silver Rozi - Psarna Jola&#039;s Black Demon","isPartOf":{"@id":"https:\/\/snavcer.si\/en\/#website"},"datePublished":"2021-02-23T09:40:55+00:00","dateModified":"2021-11-11T21:29:54+00:00","description":"Pritlikavi \u0161navcer \u010drno srebrn Rozi. EASY ELSEE JOLA\u2019S BLACK DEMON (ROZI) Pritlikavi \u0161navcer \u2013 \u010drno srebrn. Rozi je iz na\u0161e vzreje, zanimivih krvnih linij, zelo temperamentna in hitra, vedno pripravljena za akcijo, pri njej ima\u0161 ob\u010dutek, da te opazuje, celo ko spi.","breadcrumb":{"@id":"https:\/\/snavcer.si\/en\/our-dogs\/miniature-schnauzer-black-silver-rozi\/#breadcrumb"},"inLanguage":"en-US","potentialAction":[{"@type":"ReadAction","target":["https:\/\/snavcer.si\/en\/our-dogs\/miniature-schnauzer-black-silver-rozi\/"]}]},{"@type":"BreadcrumbList","@id":"https:\/\/snavcer.si\/en\/our-dogs\/miniature-schnauzer-black-silver-rozi\/#breadcrumb","itemListElement":[{"@type":"ListItem","position":1,"name":"Home","item":"https:\/\/snavcer.si\/en\/"},{"@type":"ListItem","position":2,"name":"Our dogs","item":"https:\/\/snavcer.si\/en\/our-dogs\/"},{"@type":"ListItem","position":3,"name":"Miniature Schnauzer black silver Rozi"}]},{"@type":"WebSite","@id":"https:\/\/snavcer.si\/en\/#website","url":"https:\/\/snavcer.si\/en\/","name":"Psarna Jola&#039;s Black Demon","description":"Vzreja velikih in pritlikavih \u0161navcerjev, \u017ee od leta 1990!","potentialAction":[{"@type":"SearchAction","target":{"@type":"EntryPoint","urlTemplate":"https:\/\/snavcer.si\/en\/?s={search_term_string}"},"query-input":{"@type":"PropertyValueSpecification","valueRequired":true,"valueName":"search_term_string"}}],"inLanguage":"en-US"}]}},"_links":{"self":[{"href":"https:\/\/snavcer.si\/en\/wp-json\/wp\/v2\/pages\/1013","targetHints":{"allow":["GET"]}}],"collection":[{"href":"https:\/\/snavcer.si\/en\/wp-json\/wp\/v2\/pages"}],"about":[{"href":"https:\/\/snavcer.si\/en\/wp-json\/wp\/v2\/types\/page"}],"author":[{"embeddable":true,"href":"https:\/\/snavcer.si\/en\/wp-json\/wp\/v2\/users\/1"}],"replies":[{"embeddable":true,"href":"https:\/\/snavcer.si\/en\/wp-json\/wp\/v2\/comments?post=1013"}],"version-history":[{"count":10,"href":"https:\/\/snavcer.si\/en\/wp-json\/wp\/v2\/pages\/1013\/revisions"}],"predecessor-version":[{"id":1212,"href":"https:\/\/snavcer.si\/en\/wp-json\/wp\/v2\/pages\/1013\/revisions\/1212"}],"up":[{"embeddable":true,"href":"https:\/\/snavcer.si\/en\/wp-json\/wp\/v2\/pages\/1009"}],"wp:attachment":[{"href":"https:\/\/snavcer.si\/en\/wp-json\/wp\/v2\/media?parent=1013"}],"curies":[{"name":"wp","href":"https:\/\/api.w.org\/{rel}","templated":true}]}}